{"id":2,"date":"2025-08-09T16:29:53","date_gmt":"2025-08-09T14:29:53","guid":{"rendered":"https:\/\/duszan.pl\/?page_id=2"},"modified":"2026-04-16T06:55:33","modified_gmt":"2026-04-16T04:55:33","slug":"przykladowa-strona","status":"publish","type":"page","link":"https:\/\/duszan.pl\/?page_id=2","title":{"rendered":"Publikacje, ekspertyzy, media"},"content":{"rendered":"\n<div class=\"wp-block-cover\"><img loading=\"lazy\" decoding=\"async\" width=\"1271\" height=\"714\" class=\"wp-block-cover__image-background wp-image-292\" alt=\"\" src=\"https:\/\/duszan.pl\/wp-content\/uploads\/2025\/08\/image-25-edited.png\" style=\"object-position:48% 53%\" data-object-fit=\"cover\" data-object-position=\"48% 53%\" srcset=\"https:\/\/duszan.pl\/wp-content\/uploads\/2025\/08\/image-25-edited.png 1271w, https:\/\/duszan.pl\/wp-content\/uploads\/2025\/08\/image-25-edited-300x169.png 300w, https:\/\/duszan.pl\/wp-content\/uploads\/2025\/08\/image-25-edited-1024x575.png 1024w, https:\/\/duszan.pl\/wp-content\/uploads\/2025\/08\/image-25-edited-768x431.png 768w\" sizes=\"auto, (max-width: 1271px) 100vw, 1271px\" \/><span aria-hidden=\"true\" class=\"wp-block-cover__background has-background-dim\"><\/span><div class=\"wp-block-cover__inner-container is-layout-flow wp-block-cover-is-layout-flow\">\n<p class=\"has-text-align-center has-poppins-font-family has-x-large-font-size\" style=\"text-transform:uppercase\"><strong>Publikacje, ekspertyzy, media<\/strong><\/p>\n<\/div><\/div>\n\n\n\n<h3 class=\"wp-block-heading\">PUBLIKACJE<\/h3>\n\n\n\n<ul class=\"wp-block-list\">\n<li>Augustyn, D.J.; Hornok, R., (2025) <a href=\"https:\/\/scholar.google.com\/citations?view_op=view_citation&amp;hl=pl&amp;user=gPMU2mYAAAAJ&amp;citation_for_view=gPMU2mYAAAAJ:W7OEmFMy1HYC\">Pridan\u00e1 hodnota v\u00fdu\u010dby slovensk\u00e9ho jazyka pre dospel\u00fdch v n\u00e1rodnostnej obci Nov\u00e1 Huta<\/a>, V\u00fdskumn\u00fd \u00fastav Slov\u00e1kov v Ma\u010farsku, Slovensk\u00e9 in\u0161pir\u00e1cie z Novej Huty, 135-162<\/li>\n\n\n\n<li><a href=\"https:\/\/www.mdpi.com\/2071-1050\/13\/6\/3440\/htm\" target=\"_blank\" rel=\"noreferrer noopener\">Augustyn, D.J. (2025)<\/a> <a href=\"https:\/\/scholar.google.com\/citations?view_op=view_citation&amp;hl=pl&amp;user=gPMU2mYAAAAJ&amp;sortby=pubdate&amp;citation_for_view=gPMU2mYAAAAJ:zYLM7Y9cAGgC\">Carpooling and transport exclusion in B\u00e9k\u00e9s Megye: enhancing transport accessibility through innovative practices<\/a><\/li>\n\n\n\n<li><a href=\"https:\/\/www.mdpi.com\/2071-1050\/13\/6\/3440\/htm\" target=\"_blank\" rel=\"noreferrer noopener\">Augustyn, D.J. (2023)<\/a> <a href=\"https:\/\/duszan.pl\/Rozprawa doktorska Duszan Augustyn Koncepcja us\u0142ugi wsp\u00f3\u0142dzielenia przejazd\u00f3w w warunkach wykluczenia transportowego.pdf\" target=\"_blank\" rel=\"noreferrer noopener\">Koncepcja us\u0142ugi wsp\u00f3\u0142dzielenia przejazd\u00f3w w warunkach wykluczenia transportowego<\/a><\/li>\n\n\n\n<li><a href=\"https:\/\/www.mdpi.com\/2071-1050\/13\/6\/3440\/htm\" target=\"_blank\" rel=\"noreferrer noopener\">Baran, M.; Augustyn, D.J. (2021) The Evaluation of Transport Exclusion in the Peripheral Cross-Border Areas of Central Europe in the Context of Applicability of Information-Based Carpooling<\/a>, Sustainability 2021, 13(6), 3440, ISSN 2071-1050<\/li>\n\n\n\n<li><a href=\"https:\/\/ieeexplore.ieee.org\/document\/9305839\" target=\"_blank\" rel=\"noreferrer noopener\">Augustyn, D.J.; Tick, A. (2021) Security threats in online metasearch booking services<\/a>, 2020 IEEE 20th International Symposium on Computational Intelligence and Informatics (CINTI), p. 17-22<\/li>\n\n\n\n<li><a href=\"https:\/\/biztonsagtudomanyi.szemle.uni-obuda.hu\/index.php\/home\/article\/view\/84\/90\" target=\"_blank\" rel=\"noreferrer noopener\">Augustyn, D.J. (2020) Cyberattacks and Their Impact on Online Brands&#8217; Image<\/a>, Safety and Security Sciences Review, Vol 2, No 1, ISSN 2676-9042<\/li>\n\n\n\n<li><a href=\"http:\/\/www.logistics-and-transport.eu\/artykuly\/sierpien_2020\/5_Augustyn.pdf?fbclid=IwAR10sO3WWcfF5jDMzxVrc1P8cJuUV6QMmfH4P_S5dTu3QXShJu_rk3s1KXg\" target=\"_blank\" rel=\"noreferrer noopener\">Augustyn, D.J. (2020) The Influence of Public Transport Acts 2019 in Poland on Conflicts Concerning the Shape of the Public Transport Network<\/a>, Logistics and Transport No 1-2 (45-46)\/2020, ISSN 1734-2015<\/li>\n\n\n\n<li><a href=\"https:\/\/www.polsl.pl\/organizacje\/SCEBIZR\/Documents\/Etyka%20biznesu%201%202018.pdf\" target=\"_blank\" rel=\"noreferrer noopener\">Augustyn, D.J. (2019) Zinstytucjonalizowane us\u0142ugi car-poolingowe w ramach transportu publicznego na przyk\u0142adzie gminy Lesko<\/a>, Wydawnictwo Politechniki \u015al\u0105skiej, ISSN 1641-3466&nbsp;<\/li>\n\n\n\n<li>Augustyn, D.J. (2018) Czynniki konkurencyjno\u015bci transportu zbiorowego na przyk\u0142adzie wojew\u00f3dztwa podkarpackiego, Forum Scientiae Oeconomia ISSN 2300-5947<\/li>\n\n\n\n<li>Augustyn, D.J. (2015) <a href=\"https:\/\/scholar.google.com\/citations?view_op=view_citation&amp;hl=pl&amp;user=gPMU2mYAAAAJ&amp;authuser=3&amp;citation_for_view=gPMU2mYAAAAJ:Y0pCki6q_DkC\">Uwarunkowania inwestycyjne dla Polskich Przedsi\u0119biorstw na terytorium Republiki S\u0142owackiej<\/a><\/li>\n\n\n\n<li>Augustyn, D.J. (2012) <a href=\"https:\/\/scholar.google.com\/citations?view_op=view_citation&amp;hl=pl&amp;user=gPMU2mYAAAAJ&amp;sortby=pubdate&amp;citation_for_view=gPMU2mYAAAAJ:IjCSPb-OGe4C\">Korporacja i alternatywy wobec niej w obliczu \u015bwiatowych przemian spo\u0142eczno-gospodarczych XXI wieku<\/a><\/li>\n<\/ul>\n\n\n\n<h3 class=\"wp-block-heading\"><br>EKSPERTYZY<\/h3>\n\n\n\n<ul class=\"wp-block-list\">\n<li>20.05.2025 Warsztaty z organizacji ewakuacji uchod\u017ac\u00f3w autobusami w czasie sytuacji kryzysowej, Czerniowce, Ukraina<\/li>\n\n\n\n<li>16-21.06.2024 <a href=\"https:\/\/www.luno.hu\/index.php\/aktuality\/aktuality-kultura\/32227-v-skumn-tabor-v-novej-hute\">Badania potencja\u0142u wykorzystywania i nauczania j\u0119zyka mniejszo\u015bci<\/a>, B\u00fckkszentkereszt, W\u0119gry<\/li>\n\n\n\n<li>02.2023 &#8211; 07.2023 &#8211; Badanie S\u0142owackiego systemu transportu zbiorowego, CEEPUS, Univerzita Mateja Bela v Banskej Bystrici, S\u0142owacja<\/li>\n\n\n\n<li>od 10.01.2020 &#8211; 12.11.2023&nbsp;<a href=\"https:\/\/paulinamatysiak.pl\/zespol\/\" target=\"_blank\" rel=\"noreferrer noopener\">Asystent Spo\u0142eczny przy biurze poselskim pos\u0142anki na Sejm RP Pauliny Matysiak<\/a><\/li>\n\n\n\n<li>17-22.09.2020 <a href=\"https:\/\/mobilityweek.eu\/registered-actions\/?action_uid=iV8CiVUs&amp;fbclid=IwAR3KD5-1dASj9qVrSL4jZXF9Jxho2Dc4AgKcJBCX0YLtQn167lbdZp7VjYM\" target=\"_blank\" rel=\"noreferrer noopener\">European Mobility Week, Reduction of the Empty Mileage in the Bus Rental Services<\/a> \u2013 Analiza poziomu wykorzystania pustych przebieg\u00f3w i przestoj\u00f3w pojazdu podczas wynajmu autobus\u00f3w<\/li>\n\n\n\n<li>3.01.2020&nbsp;<a href=\"https:\/\/busbus.eu\/carpooling\/carpooling.html\" target=\"_blank\" rel=\"noreferrer noopener\">Projekt Transborder Carpooling Against Transport Exclusion in Gmina Lesko and Okres Snina<\/a> finansowany z Funduszu Wyszehradzkiego<\/li>\n\n\n\n<li>10.04.2019&nbsp;<a href=\"assets\/pdf\/lexuber.pdf\" target=\"_blank\" rel=\"noreferrer noopener\">Uwagi co do rz\u0105dowego projektu ustawy o zmianie ustawy o transporcie drogowym oraz niekt\u00f3rych innych ustaw z dnia 2019-04-02<\/a><\/li>\n\n\n\n<li>28.03.2019&nbsp;<a href=\"http:\/\/psmk.rzeszow.pl\/analiza-potencjalnego-wplywu-nowych-ustaw-na-transport-zbiorowy-w-woj-podkarpackim\/\" target=\"_blank\" rel=\"noreferrer noopener\">Analiza potencjalnego wp\u0142ywu nowych ustaw na transport zbiorowy w woj. podkarpackim<\/a><\/li>\n\n\n\n<li>1.03.2017&nbsp;<a href=\"assets\/pdf\/Program%20reform%20systemu%20transportowego%20-%20powiaty%20leski%20i%20bieszczadzki.html\" target=\"_blank\" rel=\"noreferrer noopener\">Plan reform dla transportu zbiorowego w powiatach leskim i bieszczadzkim<\/a><\/li>\n<\/ul>\n\n\n\n<h3 class=\"wp-block-heading\"><br>MEDIA<\/h3>\n\n\n\n<ul class=\"wp-block-list\">\n<li>27.03.2026 Radio Z\u0142ote Przeboje &#8211; Komentarz do zamykania porod\u00f3wki w Lesku<\/li>\n\n\n\n<li>26.03.2026 Nowiny &#8211; Osobowo\u015b\u0107 Roku 2025. W atmosferze rado\u015bci i dumy uhonorowali\u015bmy, ludzi, kt\u00f3rzy swoj\u0105 dzia\u0142alno\u015bci\u0105 i pasj\u0105 zmieniaj\u0105 nasz region na lepszy<\/li>\n\n\n\n<li>26.03.2026 Telewizja Republika &#8211; Serwis Informacyjny<\/li>\n\n\n\n<li>26.03.2026 TVN &#8211; Fakty<\/li>\n\n\n\n<li>24.03.2026 Gazeta Polska Codziennie &#8211; <a href=\"https:\/\/gpcodziennie.pl\/835926-leskie-klamstwa-koalicji-obywatelskiej.html\" data-type=\"page\" data-id=\"380\" target=\"_blank\" rel=\"noreferrer noopener\">Leskie k\u0142amstwa Koalicji Obywatelskiej<\/a><\/li>\n\n\n\n<li>23.03.2026 Gazeta Lekarska &#8211; <a href=\"https:\/\/gazetalekarska.pl\/oddzial-zamkniety-coraz-wiecej-miast-bez-porodowek\/\" data-type=\"link\" data-id=\"https:\/\/gazetalekarska.pl\/oddzial-zamkniety-coraz-wiecej-miast-bez-porodowek\/\" target=\"_blank\" rel=\"noreferrer noopener\">Oddzia\u0142 zamkni\u0119ty: coraz wi\u0119cej miast bez porod\u00f3wek<\/a><\/li>\n\n\n\n<li>23.03.2026 TokFM &#8211; <a href=\"https:\/\/www.tokfm.pl\/polska\/podkarpackie\/porodowka-jest-czy-nie-ma-bylismy-w-szpitalu-w-lesku-slowa-premiera-mnie-zszokowaly\">Porod\u00f3wka jest czy nie ma? Byli\u015bmy w szpitalu w Lesku. &#8222;S\u0142owa premiera mnie zszokowa\u0142y&#8221;<\/a><\/li>\n\n\n\n<li>21.03.2026 TVN24 &#8211; <a href=\"https:\/\/www.youtube.com\/watch?v=Q7cG9NZjnUQ&amp;lc=UgyosakeuPl18cF59hZ4AaABAg\">Serwis informacyjny<\/a><\/li>\n\n\n\n<li>4.02.2026 KrosnoSfera &#8211; <a href=\"https:\/\/www.krosnosfera.pl\/nie-jalmuzna-godna-placa-za-trud-i-empatie-czyli-spor-w-mopr\/\">\u201eNie ja\u0142mu\u017cna \u2014 godna p\u0142aca za trud i empati\u0119\u201d, czyli sp\u00f3r w MOPR<\/a><\/li>\n\n\n\n<li>31.01.2026 Tygodnik Nadwi\u015bla\u0144ski \/ nizanskie.info &#8211; <a href=\"https:\/\/nizanskie.info\/pl\/19_wiadomosci-z-regionu\/589_nisko\/12041_szpital-pyta-pracownikow-czy-moze-zabrac-im-pieniadze.html\">Szpital pyta pracownik\u00f3w, czy mo\u017ce zabra\u0107 im pieni\u0105dze?<\/a><\/li>\n\n\n\n<li>30.01.2026 Nowy Obywatel &#8211; <a href=\"https:\/\/nowyobywatel.pl\/2026\/01\/30\/zasluguja-na-wiecej\/\">Zas\u0142uguj\u0105 na\u00a0wi\u0119cej<\/a><\/li>\n\n\n\n<li>18.01.2026 TokFM &#8211; <a href=\"https:\/\/www.tokfm.pl\/polska\/tu-ciezarne-musza-jechac-na-porod-nawet-dwie-godziny-jestesmy-jak-obywatele-trzeciej-kategorii\">Tu ci\u0119\u017carne musz\u0105 jecha\u0107 na por\u00f3d nawet dwie godziny. &#8222;Jeste\u015bmy jak obywatele trzeciej kategorii&#8221;<\/a><\/li>\n\n\n\n<li>27.12.2025 KorsoSanockie &#8211; <a href=\"http:\/\/korsosanockie.pl\/podkarpacie\/wieczni-wlodarze-na-poludniu-podkarpacia-kto-rzadzi-dluzej-niz-dwie-kadencje\/6NpTJqYLABHrinEvxN55\" data-type=\"link\" data-id=\"korsosanockie.pl\/podkarpacie\/wieczni-wlodarze-na-poludniu-podkarpacia-kto-rzadzi-dluzej-niz-dwie-kadencje\/6NpTJqYLABHrinEvxN55\">Wieczni w\u0142odarze na po\u0142udniu Podkarpacia. Kto rz\u0105dzi d\u0142u\u017cej ni\u017c dwie kadencje<\/a><\/li>\n\n\n\n<li>19.12.2025 KrosnoCity.pl &#8211; <a href=\"https:\/\/www.krosnocity.pl\/index.php\/aktualnosci\/fakty\/krosno\/item\/26581-spor-zbiorowy-pracownikow-w-miejskim-osrodku-pomocy-rodzinie-w-krosnie.html\" data-type=\"link\" data-id=\"https:\/\/www.krosnocity.pl\/index.php\/aktualnosci\/fakty\/krosno\/item\/26581-spor-zbiorowy-pracownikow-w-miejskim-osrodku-pomocy-rodzinie-w-krosnie.html\">Sp\u00f3r zbiorowy pracownik\u00f3w w Miejskim O\u015brodku Pomocy Rodzinie w Kro\u015bnie<\/a><\/li>\n\n\n\n<li>3.12.2025 Nowy Obywatel &#8211; <a href=\"https:\/\/nowyobywatel.pl\/2025\/12\/03\/odrobina-komunikacyjnej-cywilizacji\/\">Odrobina komunikacyjnej cywilizacji<\/a><\/li>\n\n\n\n<li>1.12.2025 TVP Rzesz\u00f3w &#8211; <a href=\"https:\/\/rzeszow.tvp.pl\/12470549\/konkrety-i-opinie\">Konkrety i opinie<\/a><\/li>\n\n\n\n<li>30.11.2025 Radio Rzesz\u00f3w &#8211; <a href=\"https:\/\/radio.rzeszow.pl\/270941\/bilety-miesieczne-w-bieszczadach-znowu-honorowane\/#skarga-pasazerow\">Bilety miesi\u0119czne w\u00a0Bieszczadach znowu honorowane<\/a><\/li>\n\n\n\n<li>29.11.2025 Wolne Media &#8211; <a href=\"https:\/\/wolnemedia.net\/pelne-honorowanie-biletow-miesiecznych-wraca-w-bieszczadach\/\">Pe\u0142ne honorowanie bilet\u00f3w miesi\u0119cznych wraca w Bieszczadach<\/a><\/li>\n\n\n\n<li>29.11.2025 wBieszczady &#8211; <a href=\"https:\/\/wbieszczady.pl\/aktualnosci\/pojawil-sie-problem-z-biletami-autobusowymi-w-bieszczadach-trzeba-znac-swoje-prawa\/DzOc7iQmTjPDzT35lnZn\">Pojawi\u0142 si\u0119 problem z biletami autobusowymi w Bieszczadach. &#8222;Trzeba zna\u0107 swoje prawa&#8221;<\/a><\/li>\n\n\n\n<li>28.11.2025 Dziennik Trybuna &#8211; <a href=\"https:\/\/trybuna.info\/polska\/pelne-honorowanie-biletow-miesiecznych-wraca-w-bieszczadach\/\" data-type=\"link\" data-id=\"https:\/\/trybuna.info\/polska\/pelne-honorowanie-biletow-miesiecznych-wraca-w-bieszczadach\/\">Pe\u0142ne honorowanie bilet\u00f3w miesi\u0119cznych wraca w Bieszczadach<\/a><\/li>\n\n\n\n<li>9.10.2025 OKO.Press &#8211; <a href=\"https:\/\/oko.press\/porodowka-w-lesku-bieszczady-miedzy-dostepnoscia-a-jakoscia\">Niepewna przysz\u0142o\u015b\u0107 porod\u00f3wki w Lesku. \u201eNa Podkarpaciu problemy s\u0105 wyj\u0105tkowo widoczne\u201d<\/a><\/li>\n\n\n\n<li>18.09.2025 Polsat\/TVN\/TVP na \u017cywo &#8211; <a href=\"https:\/\/youtu.be\/Zpol1zleeCw\" data-type=\"link\" data-id=\"https:\/\/youtu.be\/Zpol1zleeCw\">Konferencja Prasowa przed Ministerstwem Zdrowia<\/a><\/li>\n\n\n\n<li>9.09.2025 wBieszczady &#8211; <a href=\"https:\/\/wbieszczady.pl\/powiat-leski\/ostatnia-porodowka-w-bieszczadach-moze-zostac-calkowicie-zamknieta-wiceminister-sprobuje-ja-uratowac\/lTnHK4A37uxMT1E7xDCk\" data-type=\"link\" data-id=\"https:\/\/wbieszczady.pl\/powiat-leski\/ostatnia-porodowka-w-bieszczadach-moze-zostac-calkowicie-zamknieta-wiceminister-sprobuje-ja-uratowac\/lTnHK4A37uxMT1E7xDCk\">Ostatnia porod\u00f3wka w Bieszczadach mo\u017ce zosta\u0107 ca\u0142kowicie zamkni\u0119ta. Wiceminister: \u201eSpr\u00f3buj\u0119 j\u0105 uratowa\u0107\u201d<\/a><\/li>\n\n\n\n<li>8.09.2025 Radio Rzesz\u00f3w &#8211; <a href=\"https:\/\/radio.rzeszow.pl\/245412\/panstwo-powinno-przejac-finansowanie-porodowki-w-lesku\/\">Pa\u0144stwo powinno przej\u0105\u0107 finansowanie porod\u00f3wki w\u00a0Lesku?<\/a><\/li>\n\n\n\n<li>8.09.2025 Halo Rzesz\u00f3w &#8211; <a href=\"https:\/\/www.halorzeszow.pl\/artykul\/14594,wiceminister-zdrowia-obiecuje-ratowanie-porodowki-w-lesku-sa-gotowe-pomysly-na-uratowanie\" data-type=\"link\" data-id=\"https:\/\/www.halorzeszow.pl\/artykul\/14594,wiceminister-zdrowia-obiecuje-ratowanie-porodowki-w-lesku-sa-gotowe-pomysly-na-uratowanie\">Wiceminister zdrowia obiecuje ratowanie porod\u00f3wki w Lesku. &#8222;S\u0105 gotowe pomys\u0142y na uratowanie&#8221;<\/a><\/li>\n\n\n\n<li>28.08.2025 Fakty TVN &#8211; &#8222;Zamyka si\u0119 ostatnia porod\u00f3wka w Bieszczadach&#8221;<\/li>\n\n\n\n<li>23.08.2025 TokFM &#8211; <a href=\"https:\/\/www.tokfm.pl\/polska\/podkarpackie\/jestem-zdruzgotana-waza-sie-losy-ostatniej-porodowki-w-bieszczadach\">&#8222;Jestem zdruzgotana&#8221;. Wa\u017c\u0105 si\u0119 losy ostatniej porod\u00f3wki w Bieszczadach<\/a><\/li>\n\n\n\n<li>24.06.2025 TVN24 &#8211; <a href=\"https:\/\/tvn24.pl\/rzeszow\/likwidacja-ostatniej-porodowki-w-bieszczadach-rada-powiatu-leskiego-skierowala-do-konsultacji-projekt-uchwaly-st8523476\">Likwidacja ostatniej porod\u00f3wki w\u00a0Bieszczadach. &#8222;Licz\u0119, \u017ce\u00a0kto\u015b z\u00a0rz\u0105du si\u0119 obudzi&#8221;<\/a><\/li>\n\n\n\n<li>24.06.2025 Radio Rzesz\u00f3w &#8211; <a href=\"https:\/\/radio.rzeszow.pl\/221918\/nie-ma-decyzji-o-likwidacji-oddzialu-ginekologiczno-polozniczego-w-lesku\">Nie\u00a0ma\u00a0decyzji o\u00a0likwidacji oddzia\u0142u ginekologiczno-po\u0142o\u017cniczego szpitala w\u00a0Lesku<\/a><\/li>\n\n\n\n<li>23.06.2025 Nowiny24 &#8211; <a href=\"https:\/\/nowiny24.pl\/partia-razem-w-obronie-porodowki-w-lesku-poslanka-marcelina-zawisza-interweniuje-w-ministerstwie-zdrowia\/ar\/c1p2-27698575?fbclid=IwZXh0bgNhZW0CMTEAAR6WgErB61ZrAQDF0gEzPtE0TqAC9vvD5CsvWGsEiKTP7jFuo2GJs-m04BJo7g_aem_MhIoc3JNqBVvJOmiq7xvwQ\">Partia Razem w obronie porod\u00f3wki w Lesku. Pos\u0142anka Marcelina Zawisza interweniuje w Ministerstwie Zdrowia<\/a><\/li>\n\n\n\n<li>19.06.2025 Halo Rzesz\u00f3w &#8211; <a href=\"https:\/\/www.halorzeszow.pl\/artykul\/14176,co-z-porodowka-w-lesku-do-walki-dolacza-partia-razem\" data-type=\"link\" data-id=\"https:\/\/www.halorzeszow.pl\/artykul\/14176,co-z-porodowka-w-lesku-do-walki-dolacza-partia-razem\">Co z porod\u00f3wk\u0105 w Lesku? Do walki do\u0142\u0105cza Partia Razem<\/a><\/li>\n\n\n\n<li>12.06.2025 TV Obiektyw &#8211; <a href=\"https:\/\/www.telewizjaobiektyw.pl\/politycy-w-obronie-bieszczadzkich-porodowek-prawa-kobiet\" data-type=\"link\" data-id=\"https:\/\/www.telewizjaobiektyw.pl\/politycy-w-obronie-bieszczadzkich-porodowek-prawa-kobiet\">Politycy w obronie bieszczadzkich porod\u00f3wek. \u201ePrawa kobiet\u201d<\/a><\/li>\n\n\n\n<li>25.10.2019 Olga Gitkiewicz &#8211; <a href=\"https:\/\/dowody.com\/ksiazka\/nie-zdaze\/\" target=\"_blank\" rel=\"noreferrer noopener\">\u201eNie zd\u0105\u017ce\u201d<\/a> \u2013 fragmenty<\/li>\n\n\n\n<li>24.10.2019 Gazeta Wyborcza &#8211; <a href=\"assets\\pdf\\zadaleko.pdf\" target=\"_blank\" rel=\"noreferrer noopener\">\u201eOdci\u0119ci od Polski. Trzyna\u015bcie milion\u00f3w Polak\u00f3w ma wsz\u0119dzie daleko\u201d<\/a><\/li>\n\n\n\n<li>4.04.2019 Radio Via &#8211; <a href=\"https:\/\/radiovia.com.pl\/aktualnosci\/informacje-lokalne\/duszan-augustyn-o-wykluczeniu-komunikacyjnym\" target=\"_blank\" rel=\"noreferrer noopener\">\u201eDuszan Augustyn o wykluczeniu komunikacyjnym\u201d<\/a><\/li>\n\n\n\n<li>31.01.2019 Radio Rzesz\u00f3w &#8211; <a href=\"https:\/\/www.radio.rzeszow.pl\/wiadomosci\/18904\/duszan-augustyn-coraz-wiecej-przewoznikow-ogranicza-siatke-swoich-polaczen\" target=\"_blank\" rel=\"noreferrer noopener\">Duszan Augustyn: Coraz wi\u0119cej przewo\u017anik\u00f3w ogranicza siatk\u0119 swoich po\u0142\u0105cze\u0144<\/a><\/li>\n\n\n\n<li>24.10.2018 TVN &#8211; <a href=\"https:\/\/dziendobry.tvn.pl\/a\/dlaczego-likwidowane-sa-pks-y?fbclid=IwAR3lL59tTv6Umzkt7fLFyBdpquyeljg6YHvVvnOb-2t-39w67vvEnuI0IyA\" target=\"_blank\" rel=\"noreferrer noopener\">Dlaczego likwidowane s\u0105 PKS-y<\/a><\/li>\n\n\n\n<li>17.10.2018 Gazeta Wyborcza &#8211; <a href=\"http:\/\/rzeszow.wyborcza.pl\/rzeszow\/7,34962,24050073,dwa-autobusy-w-ciagu-dnia-czekanie-na-mrozie-mlodzi-nie-maja.html?disableRedirects=true\" target=\"_blank\" rel=\"noreferrer noopener\">Dwa autobusy w ci\u0105gu dnia, czekanie na mrozie. M\u0142odzi nie maj\u0105 jak dojecha\u0107 z wiosek i uciekaj\u0105 do miasta<\/a><\/li>\n\n\n\n<li>04.10.2018 Gazeta Wyborcza &#8211; <a href=\"http:\/\/wiadomosci.gazeta.pl\/wiadomosci\/7,164871,23996515,trzynascie-milionow-polakow-bez-transportu-publicznego-ze.html\" target=\"_blank\" rel=\"noreferrer noopener\">Trzyna\u015bcie milion\u00f3w Polak\u00f3w bez transportu publicznego. \u201eZe szko\u0142y wracam 5 km na piechot\u0105<\/a>&#8222;<\/li>\n\n\n\n<li>11.04.2017 Transport Publiczny &#8211; <a href=\"http:\/\/www.transport-publiczny.pl\/mobile\/bieszczady-odciete-od-swiata-54899.html\" target=\"_blank\" rel=\"noreferrer noopener\">Bieszczady odci\u0119te od \u015bwiata<\/a><\/li>\n\n\n\n<li>3.04.2017 Gazeta Bieszczadzka &#8211; \u201eRazem\u201d o komunikacji<\/li>\n<\/ul>\n\n\n\n<div class=\"wp-block-group is-layout-flow wp-container-core-group-is-layout-5e28f8c7 wp-block-group-is-layout-flow\" style=\"min-height:0px;margin-top:0;margin-bottom:0;padding-top:0;padding-right:0;padding-bottom:0;padding-left:0\"><\/div>\n\n\n\n<p><\/p>\n","protected":false},"excerpt":{"rendered":"<p>PUBLIKACJE EKSPERTYZY MEDIA<\/p>\n","protected":false},"author":1,"featured_media":0,"parent":0,"menu_order":0,"comment_status":"closed","ping_status":"open","template":"","meta":{"footnotes":""},"class_list":["post-2","page","type-page","status-publish","hentry"],"_links":{"self":[{"href":"https:\/\/duszan.pl\/index.php?rest_route=\/wp\/v2\/pages\/2","targetHints":{"allow":["GET"]}}],"collection":[{"href":"https:\/\/duszan.pl\/index.php?rest_route=\/wp\/v2\/pages"}],"about":[{"href":"https:\/\/duszan.pl\/index.php?rest_route=\/wp\/v2\/types\/page"}],"author":[{"embeddable":true,"href":"https:\/\/duszan.pl\/index.php?rest_route=\/wp\/v2\/users\/1"}],"replies":[{"embeddable":true,"href":"https:\/\/duszan.pl\/index.php?rest_route=%2Fwp%2Fv2%2Fcomments&post=2"}],"version-history":[{"count":45,"href":"https:\/\/duszan.pl\/index.php?rest_route=\/wp\/v2\/pages\/2\/revisions"}],"predecessor-version":[{"id":385,"href":"https:\/\/duszan.pl\/index.php?rest_route=\/wp\/v2\/pages\/2\/revisions\/385"}],"wp:attachment":[{"href":"https:\/\/duszan.pl\/index.php?rest_route=%2Fwp%2Fv2%2Fmedia&parent=2"}],"curies":[{"name":"wp","href":"https:\/\/api.w.org\/{rel}","templated":true}]}}