{"id":296,"date":"2025-08-15T11:40:46","date_gmt":"2025-08-15T09:40:46","guid":{"rendered":"https:\/\/duszan.pl\/?page_id=296"},"modified":"2026-01-28T07:58:39","modified_gmt":"2026-01-28T06:58:39","slug":"program-dla-podkarpacia","status":"publish","type":"page","link":"https:\/\/duszan.pl\/?page_id=296","title":{"rendered":"Program dla Podkarpacia"},"content":{"rendered":"\n<h2 class=\"wp-block-heading\">INFRASTRUKTURA<\/h2>\n\n\n\n<h3 class=\"wp-block-heading\">INTERNET<\/h3>\n\n\n\n<h4 class=\"wp-block-heading\">1. <strong>GWARANCJA DOST\u0118PNO\u015aCI: Koniec z &#8222;bia\u0142ymi plamami&#8221;.<\/strong><\/h4>\n\n\n\n<ul class=\"wp-block-list\">\n<li><strong>Cel:<\/strong>&nbsp;Ka\u017cdy dom i firma w Polsce, niezale\u017cnie od tego, czy znajduje si\u0119 w centrum miasta, czy w ma\u0142ej wsi, b\u0119dzie mia\u0142 fizyczn\u0105 mo\u017cliwo\u015b\u0107 pod\u0142\u0105czenia do internetu \u015bwiat\u0142owodowego, tak jak do pr\u0105du.<\/li>\n\n\n\n<li><strong>Dzia\u0142anie:<\/strong>&nbsp;Program budowy \u015bwiat\u0142owod\u00f3w, tam, gdzie nie op\u0142aca si\u0119 to operatorom komercyjnym.<\/li>\n<\/ul>\n\n\n\n<h4 class=\"wp-block-heading\">2. <strong>GWARANCJA JAKO\u015aCI: \u015awiat\u0142ow\u00f3d jako standard, nie luksus<\/strong><\/h4>\n\n\n\n<ul class=\"wp-block-list\">\n<li><strong>Cel:<\/strong>&nbsp;Realnie szybkie i stabilne \u0142\u0105cze, a nie sygna\u0142 mobilny.<\/li>\n\n\n\n<li><strong>Dzia\u0142anie:<\/strong>&nbsp;Okre\u015blenie minimalnego, gwarantowanego przez pa\u0144stwo standardu pr\u0119dko\u015bci na poziomie 1 Gb\/s dla wszystkich nowych i modernizowanych sieci. W przypadku braku takiej mo\u017cliwo\u015bci, mo\u017cliwo\u015b\u0107 uzyskania ulgi podatkowej na internet.<\/li>\n<\/ul>\n\n\n\n<h4 class=\"wp-block-heading\"><strong>Dlaczego Powszechny Dost\u0119p do Internetu to Konieczno\u015b\u0107, a nie Luksus?<\/strong><\/h4>\n\n\n\n<p>Brak dost\u0119pu do szybkiego i niezawodnego internetu to nowa forma wykluczenia, kt\u00f3ra dzieli spo\u0142ecze\u0144stwo na tych, kt\u00f3rzy maj\u0105 pe\u0142ni\u0119 mo\u017cliwo\u015bci, i tych, kt\u00f3rzy zostaj\u0105 w tyle. Oto dlaczego Internet jest tak wa\u017cny:<\/p>\n\n\n\n<h4 class=\"wp-block-heading\"><strong>1. Dost\u0119pno\u015b\u0107 do Us\u0142ug Publicznych Online: Sprawniejsze Pa\u0144stwo i Wygodniejsze \u017bycie<\/strong><\/h4>\n\n\n\n<p>Internet pozwala przenie\u015b\u0107 relacje obywatela z urz\u0119dem do \u015bwiata cyfrowego.<\/p>\n\n\n\n<ul class=\"wp-block-list\">\n<li><strong>Oszcz\u0119dno\u015b\u0107 czasu i pieni\u0119dzy:<\/strong>&nbsp;Zamiast bra\u0107 dzie\u0144 wolny, jecha\u0107 kilkadziesi\u0105t kilometr\u00f3w do urz\u0119du powiatowego i sta\u0107 w kolejce, mo\u017cna za\u0142atwi\u0107 spraw\u0119 z domu. Z\u0142o\u017cenie wniosku, deklaracji, rozliczenie podatk\u00f3w, zarejestrowanie firmy, sprawdzenie recepty, konsultacja ze specjalist\u0105 \u2013 to wszystko staje si\u0119 proste i dost\u0119pne.<\/li>\n\n\n\n<li><strong>Prze\u0142amanie barier:<\/strong>&nbsp;Dla os\u00f3b starszych, z niepe\u0142nosprawno\u015bciami ruchowymi czy mieszkaj\u0105cych w odleg\u0142ych miejscowo\u015bciach, wizyta w urz\u0119dzie bywa ogromnym wyzwaniem. Dost\u0119p online&nbsp;<strong>likwiduje te bariery<\/strong>.<\/li>\n\n\n\n<li><strong>Sprawniejsze i ta\u0144sze pa\u0144stwo:<\/strong>&nbsp;Cyfryzacja to mniejsza biurokracja, szybszy obieg dokument\u00f3w i ni\u017csze koszty administracyjne. To inwestycja, kt\u00f3ra sprawia, \u017ce pa\u0144stwo dzia\u0142a efektywniej i jest bardziej przyjazne dla obywatela.<\/li>\n<\/ul>\n\n\n\n<p><strong>ZYSKUJ\u0104:<\/strong><\/p>\n\n\n\n<ul class=\"wp-block-list\">\n<li><strong>Obywatele:<\/strong>&nbsp;Przede wszystkim mieszka\u0144cy wsi i ma\u0142ych miast, osoby starsze, z niepe\u0142nosprawno\u015bciami i rodzice ma\u0142ych dzieci. Zyskuj\u0105 czas, pieni\u0105dze (brak dojazd\u00f3w) i wygod\u0119, za\u0142atwiaj\u0105c sprawy bez wychodzenia z domu.<\/li>\n\n\n\n<li><strong>Przedsi\u0119biorcy:<\/strong>&nbsp;Szybsza rejestracja firm, \u0142atwiejsze sk\u0142adanie dokument\u00f3w i rozlicze\u0144 oznacza mniej biurokracji i wi\u0119cej czasu na prowadzenie biznesu.<\/li>\n\n\n\n<li><strong>Administracja publiczna (jako ca\u0142o\u015b\u0107):<\/strong>&nbsp;Zyskuje na efektywno\u015bci, obni\u017ca koszty obs\u0142ugi (mniej papieru, mniej okienek) i staje si\u0119 bardziej transparentna. <\/li>\n\n\n\n<li><strong>Pracownicy administracji publicznej:<\/strong> Gdy w urz\u0119dzie nie b\u0119dzie petent\u00f3w, pojawi si\u0119 mo\u017cliwo\u015b\u0107 pracy zdalnej.<\/li>\n\n\n\n<li><strong>\u015arodowisko:<\/strong>&nbsp;Mniej druk\u00f3w, dojazd\u00f3w do urz\u0119d\u00f3w.<\/li>\n<\/ul>\n\n\n\n<p><strong>TRAC\u0104 (lub musz\u0105 si\u0119 dostosowa\u0107):<\/strong><\/p>\n\n\n\n<ul class=\"wp-block-list\">\n<li><strong>Cz\u0119\u015b\u0107 administracji ni\u017cszego szczebla:<\/strong>&nbsp;Stanowiska oparte na prostych, powtarzalnych czynno\u015bciach (jak przyjmowanie papierowych wniosk\u00f3w) mog\u0105 sta\u0107 si\u0119 zb\u0119dne w wyniku automatyzacji.<\/li>\n\n\n\n<li><strong>Firmy zarabiaj\u0105ce na biurokracji:<\/strong>&nbsp;Podmioty \u015bwiadcz\u0105ce us\u0142ugi pocztowe, firmy archiwizuj\u0105ce dokumenty w formie papierowej czy punkty ksero.<\/li>\n\n\n\n<li><strong>Osoby wykluczone cyfrowo (je\u015bli zmiana b\u0119dzie zbyt gwa\u0142towna):<\/strong>&nbsp;Seniorzy i inne osoby bez umiej\u0119tno\u015bci cyfrowych, b\u0119d\u0105 wymaga\u0142y bezpo\u015bredniego wsparcia ze strony urz\u0119dnik\u00f3w us\u0142ug publicznych.<\/li>\n<\/ul>\n\n\n\n<p><strong>2. Mo\u017cliwo\u015b\u0107 Pracy Zdalnej<\/strong><\/p>\n\n\n\n<p>Praca zdalna, to jedna z najwi\u0119kszych zmian spo\u0142eczno-gospodarczych naszych czas\u00f3w.<\/p>\n\n\n\n<ul class=\"wp-block-list\">\n<li><strong>Odwr\u00f3cenie drena\u017cu m\u00f3zg\u00f3w:<\/strong>&nbsp;Ludzie nie musz\u0105 ju\u017c ucieka\u0107 z rodzinnych miejscowo\u015bci do metropolii w poszukiwaniu dobrej pracy. Mog\u0105 pracowa\u0107 dla firmy z Warszawy, Londynu czy Berlina, mieszkaj\u0105c w Bieszczadach czy Beskidach.<\/li>\n\n\n\n<li><strong>Wzrost lokalnej gospodarki:<\/strong>&nbsp;Osoba pracuj\u0105ca zdalnie zarabia &#8222;miejsk\u0105&#8221; pensj\u0119, ale wydaje j\u0105 lokalnie \u2013 w miejscowym sklepie, u lokalnego fryzjera, p\u0142ac\u0105c podatki w swojej gminie. To pot\u0119\u017cny impuls do rozwoju region\u00f3w.<\/li>\n\n\n\n<li><strong>Wi\u0119ksza elastyczno\u015b\u0107 i dost\u0119p do talent\u00f3w:<\/strong>&nbsp;Pracownicy zyskuj\u0105 lepsz\u0105 r\u00f3wnowag\u0119 mi\u0119dzy \u017cyciem zawodowym a prywatnym. Pracodawcy maj\u0105 dost\u0119p do najlepszych specjalist\u00f3w z ca\u0142ego kraju.<\/li>\n<\/ul>\n\n\n\n<p><strong>ZYSKUJ\u0104:<\/strong><\/p>\n\n\n\n<ul class=\"wp-block-list\">\n<li><strong>Mieszka\u0144cy mniejszych miejscowo\u015bci i wsi:<\/strong>&nbsp;Mog\u0105 znale\u017a\u0107 dobrze p\u0142atn\u0105 prac\u0119 bez konieczno\u015bci przeprowadzki. <\/li>\n\n\n\n<li><strong>Lokalne spo\u0142eczno\u015bci:<\/strong>&nbsp;Zyskuj\u0105 nowych mieszka\u0144c\u00f3w z &#8222;miejskimi&#8221; pensjami, kt\u00f3rzy p\u0142ac\u0105 podatki i wydaj\u0105 pieni\u0105dze na miejscu, nap\u0119dzaj\u0105c lokalne us\u0142ugi i handel.<\/li>\n\n\n\n<li><strong>Pracownicy:<\/strong>&nbsp;Zyskuj\u0105 wymarzon\u0105 elastyczno\u015b\u0107, lepsz\u0105 r\u00f3wnowag\u0119 mi\u0119dzy \u017cyciem prywatnym a zawodowym.<\/li>\n\n\n\n<li><strong>Firmy:<\/strong>&nbsp;Maj\u0105 dost\u0119p do talent\u00f3w z ca\u0142ego kraju, oraz mog\u0105 redukowa\u0107 koszty wynajmu drogich biur.<\/li>\n<\/ul>\n\n\n\n<p><strong>TRAC\u0104 (lub musz\u0105 si\u0119 dostosowa\u0107):<\/strong><\/p>\n\n\n\n<ul class=\"wp-block-list\">\n<li><strong>Wielkie aglomeracje:<\/strong>&nbsp;Mog\u0105 straci\u0107 cz\u0119\u015b\u0107 wysoko wykwalifikowanych mieszka\u0144c\u00f3w i ich podatk\u00f3w na rzecz mniejszych o\u015brodk\u00f3w.<\/li>\n\n\n\n<li><strong>W\u0142a\u015bciciele biurowc\u00f3w w du\u017cych miastach:<\/strong>&nbsp;Spadek popytu na powierzchnie biurowe mo\u017ce prowadzi\u0107 do spadku cen najmu i warto\u015bci nieruchomo\u015bci.<\/li>\n\n\n\n<li><strong>Biznesy Krakowa i Warszawy skoncentrowane na obs\u0142udze korporacji:<\/strong>&nbsp;Restauracje, kawiarnie, firmy sprz\u0105taj\u0105ce i inne us\u0142ugi, kt\u00f3rych klientami byli pracownicy biurowi.<\/li>\n<\/ul>\n\n\n\n<h4 class=\"wp-block-heading\"><strong>3. R\u00f3wny Dost\u0119p do Szans<\/strong><\/h4>\n\n\n\n<p>Internet jest dzi\u015b najwi\u0119kszym narz\u0119dziem wyr\u00f3wnywania szans w historii.<\/p>\n\n\n\n<ul class=\"wp-block-list\">\n<li><strong>Edukacja bez granic:<\/strong>&nbsp;Ucze\u0144 z ma\u0142ej szko\u0142y dzi\u0119ki internetowi ma dost\u0119p do tych samych zasob\u00f3w edukacyjnych, co jego r\u00f3wie\u015bnik z aglomeracji. To likwiduje przepa\u015b\u0107 edukacyjn\u0105 wynikaj\u0105c\u0105 z miejsca zamieszkania.<\/li>\n\n\n\n<li><strong>Rozw\u00f3j i przekwalifikowanie:<\/strong>&nbsp;Dost\u0119p do platform e-learningowych pozwala zdobywa\u0107 nowe umiej\u0119tno\u015bci i zmienia\u0107 zaw\u00f3d bez konieczno\u015bci przeprowadzek i rezygnacji z pracy.<\/li>\n\n\n\n<li><strong>Dost\u0119p do wiedzy, kultury i partycypacji:<\/strong>&nbsp;Internet to nieograniczony dost\u0119p do niezale\u017cnych informacji i debaty publicznej. Pozwala uczestniczy\u0107 w spotkaniach online, konsultacjach spo\u0142ecznych i by\u0107 aktywnym obywatelem.<\/li>\n<\/ul>\n\n\n\n<p><strong>ZYSKUJ\u0104:<\/strong><\/p>\n\n\n\n<ul class=\"wp-block-list\">\n<li><strong>Dzieci i m\u0142odzie\u017c z mniejszych miejscowo\u015bci:<\/strong>&nbsp;Otrzymuj\u0105 dost\u0119p do tych samych zasob\u00f3w co ich r\u00f3wie\u015bnicy z du\u017cych miast, co wyr\u00f3wnuje ich szanse na starcie.<\/li>\n\n\n\n<li><strong>Doro\u015bli szukaj\u0105cy rozwoju:<\/strong>&nbsp;Mog\u0105 zdobywa\u0107 nowe kwalifikacje i zmienia\u0107 zaw\u00f3d, bez konieczno\u015bci rezygnacji z pracy czy przeprowadzki na studia.<\/li>\n\n\n\n<li><strong>Spo\u0142ecze\u0144stwo i gospodarka:<\/strong>&nbsp;Uwalniamy potencja\u0142 milion\u00f3w ludzi, kt\u00f3rzy do tej pory byli ograniczani przez barier\u0119 geograficzn\u0105. Prowadzi to do wzrostu innowacyjno\u015bci i bogactwa ca\u0142ego kraju.<\/li>\n\n\n\n<li><strong>Mali, lokalni przedsi\u0119biorcy:<\/strong>&nbsp;Mog\u0105 zaistnie\u0107 na rynku krajowym i globalnym dzi\u0119ki e-commerce i marketingowi internetowemu.<\/li>\n<\/ul>\n\n\n\n<p><strong>TRAC\u0104 (lub musz\u0105 si\u0119 dostosowa\u0107):<\/strong><\/p>\n\n\n\n<ul class=\"wp-block-list\">\n<li><strong>Elity z du\u017cych miast:<\/strong>&nbsp;Miejsce urodzenia w du\u017cej mierze determinowa\u0142o \u017cyciowe perspektywy. To cios w model rozwoju oparty na kilku wielkich metropoliach kosztem reszty kraju.<\/li>\n\n\n\n<li><strong>Elitarne, stacjonarne plac\u00f3wki edukacyjne:<\/strong>&nbsp;Ich presti\u017c oparty na lokalizacji i ograniczonym dost\u0119pie mo\u017ce zosta\u0107 os\u0142abiony, gdy wysokiej jako\u015bci wiedza b\u0119dzie dost\u0119pna online.<\/li>\n\n\n\n<li><strong>Po\u015brednicy i biznesy oparte na braku informacji:<\/strong>&nbsp;Biznesy, kt\u00f3re zarabia\u0142y, bo klient nie mia\u0142 \u0142atwego dost\u0119pu do por\u00f3wnywarek cen czy opinii. Internet czyni rynek bardziej transparentnym.<\/li>\n<\/ul>\n\n\n\n<h3 class=\"wp-block-heading\"><strong>Internet to Twoje Prawo<\/strong><\/h3>\n\n\n\n<p><strong>1. CYFROWY URZ\u0104D: PA\u0143STWO, KT\u00d3RE S\u0141U\u017bY<\/strong><\/p>\n\n\n\n<ul class=\"wp-block-list\">\n<li><strong>Tw\u00f3j urz\u0105d w Twoim domu.<\/strong>&nbsp;Koniec z kolejkami i dojazdami.<\/li>\n\n\n\n<li><strong>Sprawy za\u0142atwione jednym klikni\u0119ciem.<\/strong>&nbsp;Oszcz\u0119dzasz czas i pieni\u0105dze.<\/li>\n<\/ul>\n\n\n\n<p><strong>2. PRACA BEZ GRANIC: ROZW\u00d3J TAM, GDZIE JESTE\u015a<\/strong><\/p>\n\n\n\n<ul class=\"wp-block-list\">\n<li><strong>Pracuj globalnie, mieszkaj lokalnie.<\/strong><\/li>\n\n\n\n<li><strong>Dobra pensja bez przymusowej przeprowadzki<\/strong>&nbsp;do wielkiego miasta.<\/li>\n<\/ul>\n\n\n\n<p><strong>3. R\u00d3WNA SZANSA: POTENCJA\u0141, A NIE ADRES<\/strong><\/p>\n\n\n\n<ul class=\"wp-block-list\">\n<li><strong>Tw\u00f3j talent, a nie kod pocztowy,<\/strong>&nbsp;decyduje o przysz\u0142o\u015bci.<\/li>\n\n\n\n<li><strong>Najlepsza wiedza i edukacja<\/strong>&nbsp;dost\u0119pne dla ka\u017cdego dziecka.<\/li>\n<\/ul>\n\n\n\n<h2 class=\"wp-block-heading\">PRZEDSI\u0118BIORCZO\u015a\u0106<\/h2>\n\n\n\n<h3 class=\"wp-block-heading\">1. <strong>KSI\u0118GOWO\u015a\u0106 &#8222;Z URZ\u0118DU&#8221;: Pa\u0144stwo obs\u0142uguj\u0119 Twoj\u0105 ksi\u0119gowo\u015b\u0107<\/strong><\/h3>\n\n\n\n<p>Je\u017celi pa\u0144stwo wymaga prowadzenia ksi\u0119gowo\u015bci, niech zapewnia jej bezp\u0142atn\u0105 obs\u0142ug\u0119. <br><em>Cel:<\/em>&nbsp;<strong>Likwidacja koszt\u00f3w administracyjnych jako bariery dla przedsi\u0119biorc\u00f3w.<\/strong><br>Urz\u0105d skarbowy umo\u017cliwi\u0142by bezp\u0142atne przeniesienie obowi\u0105zk\u00f3w prowadzenia ksi\u0105g rachunkowych, a tak\u017ce pe\u0142ni\u0142by bezpo\u015brednio rol\u0119 p\u0142atnika za zobowi\u0105zania podatkowe i ZUS, ka\u017cdy podmiot m\u00f3g\u0142by mie\u0107 przypisanego opiekuna z Urz\u0119du skarbowego, kt\u00f3ry bezpo\u015brednio doradza finansowo i koryguje b\u0142\u0119dy.<\/p>\n\n\n\n<p><strong>DLACZEGO TO KONIECZNO\u015a\u0106?<\/strong><br>Ksi\u0119gowo\u015b\u0107 to&nbsp;<strong>podstawowy obowi\u0105zek<\/strong>, ale dla mikro i ma\u0142ych firm (M\u015aP) to&nbsp;<strong>d\u017awignia koszt\u00f3w<\/strong>, kt\u00f3ra mo\u017ce przekroczy\u0107 10-15% ich przychod\u00f3w. To nie luksusowy wydatek, a&nbsp;<strong>warunek przetrwania<\/strong>.<\/p>\n\n\n\n<p><strong>Co si\u0119 zmienia:<\/strong>&nbsp;Zamiast p\u0142aci\u0107 500\u20131500 z\u0142 miesi\u0119cznie za ksi\u0119gowo\u015b\u0107. Urz\u0119dy skarbowe zatrudniaj\u0105 ksi\u0119gowych z biur rachunkowych do obs\u0142ugi klient\u00f3w. Skracamy \u015bcie\u017ck\u0119 komunikacji z &#8222;Podatnik &#8211; Biuro rachunkowe &#8211; Urz\u0105d skarbowy&#8221;, na &#8222;Podatnik &#8211; Urz\u0105d Skarbowy&#8221;. Mniej biurokracji, wi\u0119cej przejrzysto\u015bci i fachowe doradztwo oraz odpowiedzi na pytania z pierwszej r\u0119ki.<\/p>\n\n\n\n<p><strong>ZYSKUJ\u0104:<\/strong><\/p>\n\n\n\n<ul class=\"wp-block-list\">\n<li><strong>M\u015aP i jednoosobowe firmy:<\/strong>&nbsp;Oszcz\u0119dno\u015b\u0107&nbsp;<strong>tygodni pracy i tysi\u0119cy z\u0142otych rocznie<\/strong>, kt\u00f3re mog\u0105 by\u0107 przeznaczone na rozw\u00f3j, inwestycje lub zwi\u0119kszenie zatrudnienia.<\/li>\n\n\n\n<li><strong>Nowe przedsi\u0119biorstwa:<\/strong>&nbsp;Zniesienie&nbsp;<strong>bariery wej\u015bcia<\/strong>&nbsp;\u2013 zak\u0142adanie firmy staje si\u0119 realne nawet dla os\u00f3b z minimalnym kapita\u0142em.<\/li>\n\n\n\n<li><strong>Gospodarka realna:<\/strong>&nbsp;Wzrost&nbsp;<strong>konkurencyjno\u015bci<\/strong>&nbsp;polskich firm na rynku UE (obni\u017cenie koszt\u00f3w sta\u0142ych).<\/li>\n<\/ul>\n\n\n\n<p><strong>TRAC\u0104 (LUB MUSZ\u0104 SI\u0118 DOSTOSOWA\u0106):<\/strong><\/p>\n\n\n\n<ul class=\"wp-block-list\">\n<li><strong>Wyspecjalizowane biura ksi\u0119gowe:<\/strong>&nbsp;Konieczno\u015b\u0107 przej\u015bcia na model&nbsp;<strong>dla du\u017cych korporacji<\/strong>&nbsp;lub us\u0142ug premium (optymalizacja podatkowa, doradztwo strategiczne).<\/li>\n\n\n\n<li><strong>Nier\u00f3wno\u015bci mi\u0119dzy firmami:<\/strong>&nbsp;Wyr\u00f3wnanie szans \u2013 ma\u0142e firmy przestaj\u0105 by\u0107&nbsp;<strong>systematycznie faworyzowane przez kosztem biurokracji<\/strong>.<\/li>\n<\/ul>\n\n\n\n<h3 class=\"wp-block-heading\">2. DARMOWY OG\u00d3LNOPOLSKI PROGRAM KSI\u0118GOWY<\/h3>\n\n\n\n<p>Bezp\u0142atny, otwarto\u017ar\u00f3d\u0142owy program do prowadzenia ksi\u0119gowo\u015bci \u2014 zar\u00f3wno dla przedsi\u0119biorstw, jak i organizacji trzeciego sektora. <br>Wysokie koszty startu i utrzymania dzia\u0142alno\u015bci to jedna z g\u0142\u00f3wnych barier dla os\u00f3b chc\u0105cych prowadzi\u0107 w\u0142asny biznes lub organizacj\u0119. Wdra\u017camy maksym\u0119: Pa\u0144stwo wymaga \u2014 pa\u0144stwo zapewnia.<\/p>\n\n\n\n<p><strong>Cel:<\/strong>&nbsp;Dost\u0119p do nowoczesnych narz\u0119dzi ksi\u0119gowych niezale\u017cnie od zasobno\u015bci portfela. Koniec z monopolem p\u0142atnych rozwi\u0105za\u0144 komercyjnych.<br><em>Dzia\u0142anie:<\/em><\/p>\n\n\n\n<ul class=\"wp-block-list\">\n<li>Pa\u0144stwo&nbsp;<strong>tworzy i udost\u0119pnia bezp\u0142atnie<\/strong>&nbsp;kompleksowe oprogramowanie do ksi\u0119gowo\u015bci, podatk\u00f3w, ZUS, faktur online i CRM.<\/li>\n\n\n\n<li>Program&nbsp;<strong>integruje si\u0119 z systemami urz\u0119dowymi<\/strong>&nbsp;(PIT, VAT, ZUS, CEIDG), eliminuj\u0105c konieczno\u015b\u0107 r\u0119cznego wprowadzania danych.<\/li>\n\n\n\n<li><strong>Wsparcie techniczne i szkolenia<\/strong>&nbsp;zapewniane przez sie\u0107 &#8222;Cyfrowych Urz\u0119d\u00f3w&#8221; lub partner\u00f3w spo\u0142ecznych.<\/li>\n<\/ul>\n\n\n\n<p><strong>Co si\u0119 zmienia:<\/strong>&nbsp;Zamiast kupowa\u0107 drogie oprogramowanie \u2014 masz to z g\u0142owy. Oszcz\u0119dzasz na starcie, inwestujesz w rozw\u00f3j. Wszystko zintegrowane z Urz\u0119dem Skarbowym i mo\u017cliwo\u015bci\u0105 uzyskania poradnictwa online.<\/p>\n\n\n\n<p><strong>DLACZEGO TO KONIECZNO\u015a\u0106?<\/strong><br>Obecne oprogramowanie ksi\u0119gowe to&nbsp;<strong>koszty sta\u0142e<\/strong>. W tym momencie pa\u0144stwo tworzy prawo, ale nie daje narz\u0119dzi do jego efektywnej obs\u0142ugi zostawiaj\u0105c je sektorowi prywatnemu. Dla cz\u0119\u015bci M\u015aP to&nbsp;<strong>nieosi\u0105galny, ale i niepotrzebny wydatek<\/strong>.<\/p>\n\n\n\n<p><strong>ZYSKUJ\u0104:<\/strong><\/p>\n\n\n\n<ul class=\"wp-block-list\">\n<li><strong>Wszystkie przedsi\u0119biorstwa i organizacje spo\u0142eczne:<\/strong>&nbsp;likwidujemy problem, kt\u00f3ry sami stworzyli\u015bmy!<\/li>\n\n\n\n<li><strong>Firmy rozpoczynaj\u0105ce dzia\u0142alno\u015b\u0107:<\/strong>&nbsp;Natychmiastowe&nbsp;<strong>wdro\u017cenie cyfrowe<\/strong>&nbsp;bez inwestycji w IT.<\/li>\n\n\n\n<li><strong>Kraj jako ca\u0142o\u015b\u0107:<\/strong>&nbsp;<strong>Standaryzacja<\/strong>&nbsp;narz\u0119dzi u\u0142atwia kontrol\u0119 skarb\u00f3wki, redukuje b\u0142\u0119dy i&nbsp;<strong>likwiduje szare strefy<\/strong>.<\/li>\n<\/ul>\n\n\n\n<p><strong>TRAC\u0104 (LUB MUSZ\u0104 SI\u0118 DOSTOSOWA\u0106):<\/strong><\/p>\n\n\n\n<p><strong>Tw\u00f3rcy komercyjnego oprogramowania ksi\u0119gowego:<\/strong>&nbsp;Konieczno\u015b\u0107 przeorientowania na&nbsp;<strong>us\u0142ugi premium<\/strong>&nbsp;(analiza danych, doradztwo, specjalistyczne modu\u0142y dla korporacji).<\/p>\n","protected":false},"excerpt":{"rendered":"<p>INFRASTRUKTURA INTERNET 1. GWARANCJA DOST\u0118PNO\u015aCI: Koniec z &#8222;bia\u0142ymi plamami&#8221;. 2. GWARANCJA JAKO\u015aCI: \u015awiat\u0142ow\u00f3d jako standard, nie luksus Dlaczego Powszechny Dost\u0119p do Internetu to Konieczno\u015b\u0107, a nie Luksus? Brak dost\u0119pu do szybkiego i niezawodnego internetu to nowa forma wykluczenia, kt\u00f3ra dzieli spo\u0142ecze\u0144stwo na tych, kt\u00f3rzy maj\u0105 pe\u0142ni\u0119 mo\u017cliwo\u015bci, i tych, kt\u00f3rzy zostaj\u0105 w tyle. Oto dlaczego&hellip;<\/p>\n","protected":false},"author":1,"featured_media":0,"parent":0,"menu_order":0,"comment_status":"closed","ping_status":"closed","template":"","meta":{"footnotes":""},"class_list":["post-296","page","type-page","status-publish","hentry"],"_links":{"self":[{"href":"https:\/\/duszan.pl\/index.php?rest_route=\/wp\/v2\/pages\/296","targetHints":{"allow":["GET"]}}],"collection":[{"href":"https:\/\/duszan.pl\/index.php?rest_route=\/wp\/v2\/pages"}],"about":[{"href":"https:\/\/duszan.pl\/index.php?rest_route=\/wp\/v2\/types\/page"}],"author":[{"embeddable":true,"href":"https:\/\/duszan.pl\/index.php?rest_route=\/wp\/v2\/users\/1"}],"replies":[{"embeddable":true,"href":"https:\/\/duszan.pl\/index.php?rest_route=%2Fwp%2Fv2%2Fcomments&post=296"}],"version-history":[{"count":5,"href":"https:\/\/duszan.pl\/index.php?rest_route=\/wp\/v2\/pages\/296\/revisions"}],"predecessor-version":[{"id":362,"href":"https:\/\/duszan.pl\/index.php?rest_route=\/wp\/v2\/pages\/296\/revisions\/362"}],"wp:attachment":[{"href":"https:\/\/duszan.pl\/index.php?rest_route=%2Fwp%2Fv2%2Fmedia&parent=296"}],"curies":[{"name":"wp","href":"https:\/\/api.w.org\/{rel}","templated":true}]}}